{"id":405,"date":"2021-09-30T14:04:21","date_gmt":"2021-09-30T17:04:21","guid":{"rendered":"https:\/\/fullfaceacademy.com.br\/?page_id=405"},"modified":"2021-10-28T16:29:14","modified_gmt":"2021-10-28T19:29:14","slug":"obrigado","status":"publish","type":"page","link":"https:\/\/fullfaceacademy.com.br\/es\/gracias-2\/","title":{"rendered":"Gracias"},"content":{"rendered":"<div data-elementor-type=\"wp-page\" data-elementor-id=\"405\" class=\"elementor elementor-405\" data-elementor-settings=\"[]\">\n\t\t\t\t\t\t\t<div class=\"elementor-section-wrap\">\n\t\t\t\t\t\t\t<section class=\"elementor-section elementor-top-section elementor-element elementor-element-fe9b5ac elementor-section-boxed elementor-section-height-default elementor-section-height-default\" data-id=\"fe9b5ac\" data-element_type=\"section\">\n\t\t\t\t\t\t<div class=\"elementor-container elementor-column-gap-default\">\n\t\t\t\t\t<div class=\"elementor-column elementor-col-100 elementor-top-column elementor-element elementor-element-4723411\" data-id=\"4723411\" data-element_type=\"column\">\n\t\t\t<div class=\"elementor-widget-wrap elementor-element-populated\">\n\t\t\t\t\t\t\t\t<section class=\"elementor-section elementor-inner-section elementor-element elementor-element-f14dc0a elementor-section-boxed elementor-section-height-default elementor-section-height-default\" data-id=\"f14dc0a\" data-element_type=\"section\">\n\t\t\t\t\t\t<div class=\"elementor-container elementor-column-gap-default\">\n\t\t\t\t\t<div class=\"elementor-column elementor-col-100 elementor-inner-column elementor-element elementor-element-f10283e\" data-id=\"f10283e\" data-element_type=\"column\">\n\t\t\t<div class=\"elementor-widget-wrap elementor-element-populated\">\n\t\t\t\t\t\t\t\t<div class=\"elementor-element elementor-element-fa91726 elementor-widget elementor-widget-image\" data-id=\"fa91726\" data-element_type=\"widget\" data-widget_type=\"image.default\">\n\t\t\t\t<div class=\"elementor-widget-container\">\n\t\t\t\t\t\t\t\t\t\t\t\t\t\t\t<img decoding=\"async\" src=\"https:\/\/fullfaceacademy.com.br\/wp-content\/uploads\/elementor\/thumbs\/logo-fullface-pdqy9vybj92ox3yvbvbyd0b4045j7ti1dw8xq190qq.png\" title=\"logotipo de cara completa\" alt=\"logotipo de cara completa\" \/>\t\t\t\t\t\t\t\t\t\t\t\t\t\t\t<\/div>\n\t\t\t\t<\/div>\n\t\t\t\t<div class=\"elementor-element elementor-element-3c85b16 elementor-align-center elementor-widget elementor-widget-lottie\" data-id=\"3c85b16\" data-element_type=\"widget\" data-settings=\"{&quot;source&quot;:&quot;external_url&quot;,&quot;source_external_url&quot;:{&quot;url&quot;:&quot;https:\\\/\\\/assets6.lottiefiles.com\\\/packages\\\/lf20_ajgfzwrc.json&quot;,&quot;is_external&quot;:&quot;&quot;,&quot;nofollow&quot;:&quot;&quot;,&quot;custom_attributes&quot;:&quot;&quot;},&quot;link_to&quot;:&quot;none&quot;,&quot;trigger&quot;:&quot;arriving_to_viewport&quot;,&quot;viewport&quot;:{&quot;unit&quot;:&quot;%&quot;,&quot;size&quot;:&quot;&quot;,&quot;sizes&quot;:{&quot;start&quot;:0,&quot;end&quot;:100}},&quot;play_speed&quot;:{&quot;unit&quot;:&quot;px&quot;,&quot;size&quot;:1,&quot;sizes&quot;:[]},&quot;start_point&quot;:{&quot;unit&quot;:&quot;%&quot;,&quot;size&quot;:&quot;0&quot;,&quot;sizes&quot;:[]},&quot;end_point&quot;:{&quot;unit&quot;:&quot;%&quot;,&quot;size&quot;:&quot;100&quot;,&quot;sizes&quot;:[]},&quot;renderer&quot;:&quot;svg&quot;}\" data-widget_type=\"lottie.default\">\n\t\t\t\t<div class=\"elementor-widget-container\">\n\t\t\t<div class=\"e-lottie__container\"><div class=\"e-lottie__animation\"><\/div><\/div>\t\t<\/div>\n\t\t\t\t<\/div>\n\t\t\t\t<div class=\"elementor-element elementor-element-f6dfdd6 elementor-widget elementor-widget-heading\" data-id=\"f6dfdd6\" data-element_type=\"widget\" data-widget_type=\"heading.default\">\n\t\t\t\t<div class=\"elementor-widget-container\">\n\t\t\t<h2 class=\"elementor-heading-title elementor-size-default\">\u00a1Felicidades!<\/h2>\t\t<\/div>\n\t\t\t\t<\/div>\n\t\t\t\t<div class=\"elementor-element elementor-element-c4cb001 elementor-widget elementor-widget-text-editor\" data-id=\"c4cb001\" data-element_type=\"widget\" data-widget_type=\"text-editor.default\">\n\t\t\t\t<div class=\"elementor-widget-container\">\n\t\t\t\t\t\t\t\u00bfQuieres tener acceso a m\u00e1s materiales como este?\t\t\t\t\t\t<\/div>\n\t\t\t\t<\/div>\n\t\t\t\t<div class=\"elementor-element elementor-element-f534154 elementor-align-center elementor-mobile-align-center elementor-widget elementor-widget-button\" data-id=\"f534154\" data-element_type=\"widget\" id=\"my-btn\" data-widget_type=\"button.default\">\n\t\t\t\t<div class=\"elementor-widget-container\">\n\t\t\t\t\t<div class=\"elementor-button-wrapper\">\n\t\t\t<a href=\"https:\/\/chat.whatsapp.com\/L8xSSuhtPilDMunTxBAd6m\" class=\"elementor-button-link elementor-button elementor-size-md elementor-animation-grow\" role=\"button\">\n\t\t\t\t\t\t<span class=\"elementor-button-content-wrapper\">\n\t\t\t\t\t\t<span class=\"elementor-button-icon elementor-align-icon-left\">\n\t\t\t\t<i aria-hidden=\"true\" class=\"fab fa-whatsapp\"><\/i>\t\t\t<\/span>\n\t\t\t\t\t\t<span class=\"elementor-button-text\">Grupo VIP EN Whatsapp<\/span>\n\t\t<\/span>\n\t\t\t\t\t<\/a>\n\t\t<\/div>\n\t\t\t\t<\/div>\n\t\t\t\t<\/div>\n\t\t\t\t<div class=\"elementor-element elementor-element-72995cd elementor-widget elementor-widget-text-editor\" data-id=\"72995cd\" data-element_type=\"widget\" data-widget_type=\"text-editor.default\">\n\t\t\t\t<div class=\"elementor-widget-container\">\n\t\t\t\t\t\t\tEn unos instantes recibir\u00e1s en tu correo electr\u00f3nico el enlace de acceso al material.\n<br><br>\nSi no lo encuentras recuerda buscar en tu carpeta de spam o en la pesta\u00f1a de promociones (gmail).\n<br><br>\nSi no lo recibe en 15 minutos, h\u00e1ganoslo saber por correo electr\u00f3nico <strong>contacto@fullfaceacademy.com.br<\/strong>\t\t\t\t\t\t<\/div>\n\t\t\t\t<\/div>\n\t\t\t\t<div class=\"elementor-element elementor-element-31bba2d elementor-widget elementor-widget-html\" data-id=\"31bba2d\" data-element_type=\"widget\" data-widget_type=\"html.default\">\n\t\t\t\t<div class=\"elementor-widget-container\">\n\t\t\t<script type=\"\u2018text\/javascript\u2019\">\nvar reply_click = function()\n{\n   fbq('track', 'Acessou_Grupo_VIP');\n}\ndocument.getElementById('my-btn').onclick = reply_click;\n<\/script>\t\t<\/div>\n\t\t\t\t<\/div>\n\t\t\t\t\t<\/div>\n\t\t<\/div>\n\t\t\t\t\t\t\t<\/div>\n\t\t<\/section>\n\t\t\t\t<div class=\"elementor-element elementor-element-c033f96 elementor-invisible elementor-widget elementor-widget-text-editor\" data-id=\"c033f96\" data-element_type=\"widget\" data-settings=\"{&quot;_animation&quot;:&quot;zoomIn&quot;,&quot;_animation_delay&quot;:450}\" data-widget_type=\"text-editor.default\">\n\t\t\t\t<div class=\"elementor-widget-container\">\n\t\t\t\t\t\t\tCopyright \u00a9 Academia FullFace | 2021\t\t\t\t\t\t<\/div>\n\t\t\t\t<\/div>\n\t\t\t\t<div class=\"elementor-element elementor-element-e6cc0d6 elementor-shape-rounded elementor-grid-0 e-grid-align-center elementor-invisible elementor-widget elementor-widget-social-icons\" data-id=\"e6cc0d6\" data-element_type=\"widget\" data-settings=\"{&quot;_animation&quot;:&quot;zoomIn&quot;,&quot;_animation_delay&quot;:600}\" data-widget_type=\"social-icons.default\">\n\t\t\t\t<div class=\"elementor-widget-container\">\n\t\t\t\t\t<div class=\"elementor-social-icons-wrapper elementor-grid\">\n\t\t\t\t\t\t\t<span class=\"elementor-grid-item\">\n\t\t\t\t\t<a class=\"elementor-icon elementor-social-icon elementor-social-icon-instagram elementor-repeater-item-36e2866\" href=\"https:\/\/www.instagram.com\/fullface.academy\/\" target=\"_blank\" rel=\"noopener\">\n\t\t\t\t\t\t<span class=\"elementor-screen-only\">Instagram<\/span>\n\t\t\t\t\t\t<i class=\"fab fa-instagram\"><\/i>\t\t\t\t\t<\/a>\n\t\t\t\t<\/span>\n\t\t\t\t\t<\/div>\n\t\t\t\t<\/div>\n\t\t\t\t<\/div>\n\t\t\t\t\t<\/div>\n\t\t<\/div>\n\t\t\t\t\t\t\t<\/div>\n\t\t<\/section>\n\t\t\t\t\t\t<\/div>\n\t\t\t\t\t<\/div>","protected":false},"excerpt":{"rendered":"<p>\u00a1Felicidades! \u00bfQuieres acceder a m\u00e1s materiales como este? Grupo VIP en WhatsApp. En unos momentos recibir\u00e1s en tu correo electr\u00f3nico el enlace con el acceso al material. Si no lo encuentras, recuerda buscar en la carpeta de correo no deseado o en la pesta\u00f1a de promociones (gmail). Si no lo recibes en 15 minutos, cont\u00e1ctanos\u2026<\/p>\n<p class=\"read-more\"> <a class=\"\" href=\"https:\/\/fullfaceacademy.com.br\/es\/gracias-2\/\"> <span class=\"screen-reader-text\">Gracias<\/span> Leer m\u00e1s &quot;<\/a><\/p>","protected":false},"author":3,"featured_media":0,"parent":0,"menu_order":0,"comment_status":"closed","ping_status":"closed","template":"elementor_canvas","meta":{"site-sidebar-layout":"no-sidebar","site-content-layout":"page-builder","ast-site-content-layout":"","site-content-style":"default","site-sidebar-style":"default","ast-global-header-display":"","ast-banner-title-visibility":"","ast-main-header-display":"","ast-hfb-above-header-display":"","ast-hfb-below-header-display":"","ast-hfb-mobile-header-display":"","site-post-title":"disabled","ast-breadcrumbs-content":"","ast-featured-img":"disabled","footer-sml-layout":"","theme-transparent-header-meta":"default","adv-header-id-meta":"","stick-header-meta":"","header-above-stick-meta":"","header-main-stick-meta":"","header-below-stick-meta":"","astra-migrate-meta-layouts":"","footnotes":""},"class_list":["post-405","page","type-page","status-publish","hentry"],"_links":{"self":[{"href":"https:\/\/fullfaceacademy.com.br\/es\/wp-json\/wp\/v2\/pages\/405","targetHints":{"allow":["GET"]}}],"collection":[{"href":"https:\/\/fullfaceacademy.com.br\/es\/wp-json\/wp\/v2\/pages"}],"about":[{"href":"https:\/\/fullfaceacademy.com.br\/es\/wp-json\/wp\/v2\/types\/page"}],"author":[{"embeddable":true,"href":"https:\/\/fullfaceacademy.com.br\/es\/wp-json\/wp\/v2\/users\/3"}],"replies":[{"embeddable":true,"href":"https:\/\/fullfaceacademy.com.br\/es\/wp-json\/wp\/v2\/comments?post=405"}],"version-history":[{"count":17,"href":"https:\/\/fullfaceacademy.com.br\/es\/wp-json\/wp\/v2\/pages\/405\/revisions"}],"predecessor-version":[{"id":641,"href":"https:\/\/fullfaceacademy.com.br\/es\/wp-json\/wp\/v2\/pages\/405\/revisions\/641"}],"wp:attachment":[{"href":"https:\/\/fullfaceacademy.com.br\/es\/wp-json\/wp\/v2\/media?parent=405"}],"curies":[{"name":"wp","href":"https:\/\/api.w.org\/{rel}","templated":true}]}}