{"id":357,"date":"2021-09-30T11:36:46","date_gmt":"2021-09-30T14:36:46","guid":{"rendered":"https:\/\/fullfaceacademy.com.br\/?page_id=357"},"modified":"2021-11-02T15:36:21","modified_gmt":"2021-11-02T18:36:21","slug":"brinde-toxina-allergan","status":"publish","type":"page","link":"https:\/\/fullfaceacademy.com.br\/es\/alergia-toxina-tostada-2\/","title":{"rendered":"Material al\u00e9rgeno"},"content":{"rendered":"<div data-elementor-type=\"wp-page\" data-elementor-id=\"357\" class=\"elementor elementor-357\" data-elementor-settings=\"[]\">\n\t\t\t\t\t\t\t<div class=\"elementor-section-wrap\">\n\t\t\t\t\t\t\t<section class=\"elementor-section elementor-top-section elementor-element elementor-element-43463ec3 elementor-section-boxed elementor-section-height-default elementor-section-height-default\" data-id=\"43463ec3\" data-element_type=\"section\">\n\t\t\t\t\t\t<div class=\"elementor-container elementor-column-gap-default\">\n\t\t\t\t\t<div class=\"elementor-column elementor-col-100 elementor-top-column elementor-element elementor-element-31f7382\" data-id=\"31f7382\" data-element_type=\"column\">\n\t\t\t<div class=\"elementor-widget-wrap elementor-element-populated\">\n\t\t\t\t\t\t\t\t<section class=\"elementor-section elementor-inner-section elementor-element elementor-element-25b4a50 elementor-section-boxed elementor-section-height-default elementor-section-height-default\" data-id=\"25b4a50\" data-element_type=\"section\">\n\t\t\t\t\t\t<div class=\"elementor-container elementor-column-gap-default\">\n\t\t\t\t\t<div class=\"elementor-column elementor-col-50 elementor-inner-column elementor-element elementor-element-249b1fa\" data-id=\"249b1fa\" data-element_type=\"column\">\n\t\t\t<div class=\"elementor-widget-wrap elementor-element-populated\">\n\t\t\t\t\t\t\t\t<div class=\"elementor-element elementor-element-f557cb0 elementor-invisible elementor-widget elementor-widget-image\" data-id=\"f557cb0\" data-element_type=\"widget\" data-settings=\"{&quot;_animation&quot;:&quot;zoomIn&quot;}\" data-widget_type=\"image.default\">\n\t\t\t\t<div class=\"elementor-widget-container\">\n\t\t\t\t\t\t\t\t\t\t\t\t\t\t\t<img decoding=\"async\" src=\"https:\/\/fullfaceacademy.com.br\/wp-content\/uploads\/elementor\/thumbs\/logo-fullface-pdqy9vyb63fxkoq1b0ocabelt2fb024oeeiqhi2cd0.png\" title=\"logotipo de cara completa\" alt=\"logotipo de cara completa\" \/>\t\t\t\t\t\t\t\t\t\t\t\t\t\t\t<\/div>\n\t\t\t\t<\/div>\n\t\t\t\t<div class=\"elementor-element elementor-element-d0d7f48 elementor-hidden-desktop elementor-hidden-tablet elementor-widget elementor-widget-image\" data-id=\"d0d7f48\" data-element_type=\"widget\" data-widget_type=\"image.default\">\n\t\t\t\t<div class=\"elementor-widget-container\">\n\t\t\t\t\t\t\t\t\t\t\t\t\t\t\t<img decoding=\"async\" src=\"https:\/\/fullfaceacademy.com.br\/wp-content\/uploads\/elementor\/thumbs\/informacoes-e-orientacoes-allergan-ok.-2png-pdvv1tf45tfe9slheslwi3uh5w9um38pp9oj4vew0s.png\" title=\"informaci\u00f3n y orientaci\u00f3n allergan ok. 2png\" alt=\"informaci\u00f3n y orientaci\u00f3n allergan ok. 2png\" \/>\t\t\t\t\t\t\t\t\t\t\t\t\t\t\t<\/div>\n\t\t\t\t<\/div>\n\t\t\t\t<div class=\"elementor-element elementor-element-44657f0 elementor-widget elementor-widget-heading\" data-id=\"44657f0\" data-element_type=\"widget\" data-widget_type=\"heading.default\">\n\t\t\t\t<div class=\"elementor-widget-container\">\n\t\t\t<h2 class=\"elementor-heading-title elementor-size-default\">Material exclusivo de Allergan sobre Toxina Botul\u00ednica.<\/h2>\t\t<\/div>\n\t\t\t\t<\/div>\n\t\t\t\t<div class=\"elementor-element elementor-element-343421f elementor-hidden-desktop elementor-hidden-tablet elementor-invisible elementor-widget elementor-widget-text-editor\" data-id=\"343421f\" data-element_type=\"widget\" data-settings=\"{&quot;_animation&quot;:&quot;zoomIn&quot;,&quot;_animation_delay&quot;:150}\" data-widget_type=\"text-editor.default\">\n\t\t\t\t<div class=\"elementor-widget-container\">\n\t\t\t\t\t\t\tRellena tus datos a continuaci\u00f3n y accede al material:\t\t\t\t\t\t<\/div>\n\t\t\t\t<\/div>\n\t\t\t\t<div class=\"elementor-element elementor-element-2175224 elementor-hidden-mobile elementor-invisible elementor-widget elementor-widget-text-editor\" data-id=\"2175224\" data-element_type=\"widget\" data-settings=\"{&quot;_animation&quot;:&quot;zoomIn&quot;,&quot;_animation_delay&quot;:150}\" data-widget_type=\"text-editor.default\">\n\t\t\t\t<div class=\"elementor-widget-container\">\n\t\t\t\t\t\t\t<p>Completa tus datos a continuaci\u00f3n y ten acceso al material oficial de Allergan con informaci\u00f3n y orientaci\u00f3n exclusiva sobre el uso de la Toxina Botul\u00ednica.<\/p>\t\t\t\t\t\t<\/div>\n\t\t\t\t<\/div>\n\t\t\t\t<div class=\"elementor-element elementor-element-ab8a158 elementor-button-align-start elementor-mobile-button-align-center elementor-invisible elementor-widget elementor-widget-form\" data-id=\"ab8a158\" data-element_type=\"widget\" data-settings=\"{&quot;_animation&quot;:&quot;zoomIn&quot;,&quot;_animation_delay&quot;:300,&quot;step_next_label&quot;:&quot;Next&quot;,&quot;step_previous_label&quot;:&quot;Previous&quot;,&quot;button_width&quot;:&quot;100&quot;,&quot;step_type&quot;:&quot;number_text&quot;,&quot;step_icon_shape&quot;:&quot;circle&quot;}\" data-widget_type=\"form.default\">\n\t\t\t\t<div class=\"elementor-widget-container\">\n\t\t\t\t\t<form class=\"elementor-form\" method=\"post\" id=\"captacao-leads-live\" name=\"Capta\u00e7\u00e3o de leads\" action=\"\">\n\t\t\t<input type=\"hidden\" name=\"post_id\" value=\"357\"\/>\n\t\t\t<input type=\"hidden\" name=\"form_id\" value=\"ab8a158\"\/>\n\t\t\t<input type=\"hidden\" name=\"referer_title\" value=\"\" \/>\n\n\t\t\t\n\t\t\t<div class=\"elementor-form-fields-wrapper elementor-labels-above\">\n\t\t\t\t\t\t\t\t<div class=\"elementor-field-type-text elementor-field-group elementor-column elementor-field-group-nome elementor-col-100 elementor-field-required\">\n\t\t\t\t\t<label for=\"form-field-nome\" class=\"elementor-field-label\">Nombre:<\/label><input size=\"1\" type=\"text\" name=\"form_fields[nome]\" id=\"form-field-nome\" class=\"elementor-field elementor-size-lg  elementor-field-textual\" placeholder=\"Escriba su nombre\" required=\"required\" aria-required=\"true\">\t\t\t\t<\/div>\n\t\t\t\t\t\t\t\t<div class=\"elementor-field-type-email elementor-field-group elementor-column elementor-field-group-email elementor-col-100 elementor-field-required\">\n\t\t\t\t\t<label for=\"form-field-email\" class=\"elementor-field-label\">Correo electr\u00f3nico:<\/label><input size=\"1\" type=\"email\" name=\"form_fields[email]\" id=\"form-field-email\" class=\"elementor-field elementor-size-lg  elementor-field-textual\" placeholder=\"Introduce tu mejor correo electr\u00f3nico\" required=\"required\" aria-required=\"true\">\t\t\t\t<\/div>\n\t\t\t\t\t\t\t\t<div class=\"elementor-field-group elementor-column elementor-field-type-submit elementor-col-100 e-form__buttons\">\n\t\t\t\t\t<button type=\"submit\" class=\"elementor-button elementor-size-md elementor-animation-bounce-in\" id=\"capta-leads\">\n\t\t\t\t\t\t<span >\n\t\t\t\t\t\t\t\t\t\t\t\t\t\t\t<span class=\"elementor-button-icon\">\n\t\t\t\t\t\t\t\t\t\t\t\t\t\t\t\t\t\t\t\t\t\t\t\t\t\t<\/span>\n\t\t\t\t\t\t\t\t\t\t\t\t\t\t\t\t\t\t\t\t\t\t<span class=\"elementor-button-text\">Recibir material<\/span>\n\t\t\t\t\t\t\t\t\t\t\t\t\t<\/span>\n\t\t\t\t\t<\/button>\n\t\t\t\t<\/div>\n\t\t\t<\/div>\n\t\t<input type=\"hidden\" name=\"trp-form-language\" value=\"es\"\/><\/form>\n\t\t\t\t<\/div>\n\t\t\t\t<\/div>\n\t\t\t\t\t<\/div>\n\t\t<\/div>\n\t\t\t\t<div class=\"elementor-column elementor-col-50 elementor-inner-column elementor-element elementor-element-8939888\" data-id=\"8939888\" data-element_type=\"column\">\n\t\t\t<div class=\"elementor-widget-wrap elementor-element-populated\">\n\t\t\t\t\t\t\t\t<div class=\"elementor-element elementor-element-b84577f elementor-hidden-mobile elementor-invisible elementor-widget elementor-widget-image\" data-id=\"b84577f\" data-element_type=\"widget\" data-settings=\"{&quot;_animation&quot;:&quot;fadeInDown&quot;}\" data-widget_type=\"image.default\">\n\t\t\t\t<div class=\"elementor-widget-container\">\n\t\t\t\t\t\t\t\t\t\t\t\t\t\t\t<img decoding=\"async\" src=\"https:\/\/fullfaceacademy.com.br\/wp-content\/uploads\/elementor\/thumbs\/informacoes-e-orientacoes-allergan-ok.-2png-pdvv1tf5do79f7exhmsm32utte19zyh8zkrv9bd5xy.png\" title=\"informaci\u00f3n y orientaci\u00f3n allergan ok. 2png\" alt=\"informaci\u00f3n y orientaci\u00f3n allergan ok. 2png\" \/>\t\t\t\t\t\t\t\t\t\t\t\t\t\t\t<\/div>\n\t\t\t\t<\/div>\n\t\t\t\t<div class=\"elementor-element elementor-element-b3a7a5f elementor-invisible elementor-widget elementor-widget-text-editor\" data-id=\"b3a7a5f\" data-element_type=\"widget\" data-settings=\"{&quot;_animation&quot;:&quot;fadeInLeft&quot;,&quot;_animation_delay&quot;:200}\" data-widget_type=\"text-editor.default\">\n\t\t\t\t<div class=\"elementor-widget-container\">\n\t\t\t\t\t\t\t\u00bfQu\u00e9 recibir\u00e1s?\t\t\t\t\t\t<\/div>\n\t\t\t\t<\/div>\n\t\t\t\t<div class=\"elementor-element elementor-element-5ddd03e elementor-icon-list--layout-traditional elementor-list-item-link-full_width elementor-invisible elementor-widget elementor-widget-icon-list\" data-id=\"5ddd03e\" data-element_type=\"widget\" data-settings=\"{&quot;_animation&quot;:&quot;fadeInRight&quot;,&quot;_animation_delay&quot;:400}\" data-widget_type=\"icon-list.default\">\n\t\t\t\t<div class=\"elementor-widget-container\">\n\t\t\t\t\t<ul class=\"elementor-icon-list-items\">\n\t\t\t\t\t\t\t<li class=\"elementor-icon-list-item\">\n\t\t\t\t\t\t\t\t\t\t\t<span class=\"elementor-icon-list-icon\">\n\t\t\t\t\t\t\t<svg xmlns=\"http:\/\/www.w3.org\/2000\/svg\" xmlns:xlink=\"http:\/\/www.w3.org\/1999\/xlink\" id=\"Camada_1\" x=\"0px\" y=\"0px\" viewbox=\"0 0 100 100\" style=\"enable-background:new 0 0 100 100;\" xml:space=\"preserve\">\n<style type=\"text\/css\">\n\t.st0{fill:#5AAE31;}\n\t.st1{fill:#FFFFFF;}\n<\/style>\n<g>\n\t<circle class=\"st0\" cx=\"50\" cy=\"50\" r=\"41.74\"><\/circle>\n\t<path class=\"st1\" d=\"M72.8,33.46c-2.34-2.34-6.37-2.14-8.96,0.45L43.72,54.04l-6.67-6.67c-2.59-2.59-6.62-2.79-8.96-0.45   c-2.34,2.34-2.14,6.37,0.45,8.96l10.22,10.22c1.34,1.34,3.06,2.03,4.73,2.07c0.06,0,0.12,0,0.18,0c0.09,0,0.19,0,0.28,0   c1.67-0.04,3.39-0.74,4.73-2.07l23.67-23.67C74.93,39.83,75.14,35.8,72.8,33.46z\"><\/path>\n<\/g>\n<\/svg>\t\t\t\t\t\t<\/span>\n\t\t\t\t\t\t\t\t\t\t<span class=\"elementor-icon-list-text\">plan de aplicaci\u00f3n<\/span>\n\t\t\t\t\t\t\t\t\t<\/li>\n\t\t\t\t\t\t\t\t<li class=\"elementor-icon-list-item\">\n\t\t\t\t\t\t\t\t\t\t\t<span class=\"elementor-icon-list-icon\">\n\t\t\t\t\t\t\t<svg xmlns=\"http:\/\/www.w3.org\/2000\/svg\" xmlns:xlink=\"http:\/\/www.w3.org\/1999\/xlink\" id=\"Camada_1\" x=\"0px\" y=\"0px\" viewbox=\"0 0 100 100\" style=\"enable-background:new 0 0 100 100;\" xml:space=\"preserve\">\n<style type=\"text\/css\">\n\t.st0{fill:#5AAE31;}\n\t.st1{fill:#FFFFFF;}\n<\/style>\n<g>\n\t<circle class=\"st0\" cx=\"50\" cy=\"50\" r=\"41.74\"><\/circle>\n\t<path class=\"st1\" d=\"M72.8,33.46c-2.34-2.34-6.37-2.14-8.96,0.45L43.72,54.04l-6.67-6.67c-2.59-2.59-6.62-2.79-8.96-0.45   c-2.34,2.34-2.14,6.37,0.45,8.96l10.22,10.22c1.34,1.34,3.06,2.03,4.73,2.07c0.06,0,0.12,0,0.18,0c0.09,0,0.19,0,0.28,0   c1.67-0.04,3.39-0.74,4.73-2.07l23.67-23.67C74.93,39.83,75.14,35.8,72.8,33.46z\"><\/path>\n<\/g>\n<\/svg>\t\t\t\t\t\t<\/span>\n\t\t\t\t\t\t\t\t\t\t<span class=\"elementor-icon-list-text\">plazo de consentimiento<\/span>\n\t\t\t\t\t\t\t\t\t<\/li>\n\t\t\t\t\t\t\t\t<li class=\"elementor-icon-list-item\">\n\t\t\t\t\t\t\t\t\t\t\t<span class=\"elementor-icon-list-icon\">\n\t\t\t\t\t\t\t<svg xmlns=\"http:\/\/www.w3.org\/2000\/svg\" xmlns:xlink=\"http:\/\/www.w3.org\/1999\/xlink\" id=\"Camada_1\" x=\"0px\" y=\"0px\" viewbox=\"0 0 100 100\" style=\"enable-background:new 0 0 100 100;\" xml:space=\"preserve\">\n<style type=\"text\/css\">\n\t.st0{fill:#5AAE31;}\n\t.st1{fill:#FFFFFF;}\n<\/style>\n<g>\n\t<circle class=\"st0\" cx=\"50\" cy=\"50\" r=\"41.74\"><\/circle>\n\t<path class=\"st1\" d=\"M72.8,33.46c-2.34-2.34-6.37-2.14-8.96,0.45L43.72,54.04l-6.67-6.67c-2.59-2.59-6.62-2.79-8.96-0.45   c-2.34,2.34-2.14,6.37,0.45,8.96l10.22,10.22c1.34,1.34,3.06,2.03,4.73,2.07c0.06,0,0.12,0,0.18,0c0.09,0,0.19,0,0.28,0   c1.67-0.04,3.39-0.74,4.73-2.07l23.67-23.67C74.93,39.83,75.14,35.8,72.8,33.46z\"><\/path>\n<\/g>\n<\/svg>\t\t\t\t\t\t<\/span>\n\t\t\t\t\t\t\t\t\t\t<span class=\"elementor-icon-list-text\">Informaci\u00f3n de transporte y almacenamiento<\/span>\n\t\t\t\t\t\t\t\t\t<\/li>\n\t\t\t\t\t\t\t\t<li class=\"elementor-icon-list-item\">\n\t\t\t\t\t\t\t\t\t\t\t<span class=\"elementor-icon-list-icon\">\n\t\t\t\t\t\t\t<svg xmlns=\"http:\/\/www.w3.org\/2000\/svg\" xmlns:xlink=\"http:\/\/www.w3.org\/1999\/xlink\" id=\"Camada_1\" x=\"0px\" y=\"0px\" viewbox=\"0 0 100 100\" style=\"enable-background:new 0 0 100 100;\" xml:space=\"preserve\">\n<style type=\"text\/css\">\n\t.st0{fill:#5AAE31;}\n\t.st1{fill:#FFFFFF;}\n<\/style>\n<g>\n\t<circle class=\"st0\" cx=\"50\" cy=\"50\" r=\"41.74\"><\/circle>\n\t<path class=\"st1\" d=\"M72.8,33.46c-2.34-2.34-6.37-2.14-8.96,0.45L43.72,54.04l-6.67-6.67c-2.59-2.59-6.62-2.79-8.96-0.45   c-2.34,2.34-2.14,6.37,0.45,8.96l10.22,10.22c1.34,1.34,3.06,2.03,4.73,2.07c0.06,0,0.12,0,0.18,0c0.09,0,0.19,0,0.28,0   c1.67-0.04,3.39-0.74,4.73-2.07l23.67-23.67C74.93,39.83,75.14,35.8,72.8,33.46z\"><\/path>\n<\/g>\n<\/svg>\t\t\t\t\t\t<\/span>\n\t\t\t\t\t\t\t\t\t\t<span class=\"elementor-icon-list-text\">Recomendaciones e informaci\u00f3n<\/span>\n\t\t\t\t\t\t\t\t\t<\/li>\n\t\t\t\t\t\t<\/ul>\n\t\t\t\t<\/div>\n\t\t\t\t<\/div>\n\t\t\t\t<div class=\"elementor-element elementor-element-51510eb elementor-invisible elementor-widget elementor-widget-text-editor\" data-id=\"51510eb\" data-element_type=\"widget\" data-settings=\"{&quot;_animation&quot;:&quot;fadeIn&quot;,&quot;_animation_delay&quot;:500}\" data-widget_type=\"text-editor.default\">\n\t\t\t\t<div class=\"elementor-widget-container\">\n\t\t\t\t\t\t\tToda la informaci\u00f3n se facilitar\u00e1 a trav\u00e9s de material oficial y exclusivo de <strong>Al\u00e9rgan.<\/strong>\t\t\t\t\t\t<\/div>\n\t\t\t\t<\/div>\n\t\t\t\t\t<\/div>\n\t\t<\/div>\n\t\t\t\t\t\t\t<\/div>\n\t\t<\/section>\n\t\t\t\t<div class=\"elementor-element elementor-element-251beb6e elementor-invisible elementor-widget elementor-widget-text-editor\" data-id=\"251beb6e\" data-element_type=\"widget\" data-settings=\"{&quot;_animation&quot;:&quot;zoomIn&quot;,&quot;_animation_delay&quot;:450}\" data-widget_type=\"text-editor.default\">\n\t\t\t\t<div class=\"elementor-widget-container\">\n\t\t\t\t\t\t\tCopyright \u00a9 Academia FullFace | 2021\t\t\t\t\t\t<\/div>\n\t\t\t\t<\/div>\n\t\t\t\t<div class=\"elementor-element elementor-element-a506cc elementor-shape-rounded elementor-grid-0 e-grid-align-center elementor-invisible elementor-widget elementor-widget-social-icons\" data-id=\"a506cc\" data-element_type=\"widget\" data-settings=\"{&quot;_animation&quot;:&quot;zoomIn&quot;,&quot;_animation_delay&quot;:600}\" data-widget_type=\"social-icons.default\">\n\t\t\t\t<div class=\"elementor-widget-container\">\n\t\t\t\t\t<div class=\"elementor-social-icons-wrapper elementor-grid\">\n\t\t\t\t\t\t\t<span class=\"elementor-grid-item\">\n\t\t\t\t\t<a class=\"elementor-icon elementor-social-icon elementor-social-icon-instagram elementor-repeater-item-36e2866\" href=\"https:\/\/www.instagram.com\/fullfaceacademy\/\" target=\"_blank\" rel=\"noopener\">\n\t\t\t\t\t\t<span class=\"elementor-screen-only\">Instagram<\/span>\n\t\t\t\t\t\t<i class=\"fab fa-instagram\"><\/i>\t\t\t\t\t<\/a>\n\t\t\t\t<\/span>\n\t\t\t\t\t<\/div>\n\t\t\t\t<\/div>\n\t\t\t\t<\/div>\n\t\t\t\t\t<\/div>\n\t\t<\/div>\n\t\t\t\t\t\t\t<\/div>\n\t\t<\/section>\n\t\t\t\t\t\t<\/div>\n\t\t\t\t\t<\/div>","protected":false},"excerpt":{"rendered":"<p>Material exclusivo de Allergan sobre la toxina botul\u00ednica. Completa tus datos a continuaci\u00f3n y accede al material: Completa tus datos a continuaci\u00f3n y accede al material oficial de Allergan con informaci\u00f3n exclusiva y pautas sobre el uso de la Toxina Botul\u00ednica. \u00bfQu\u00e9 recibir\u00e1s? Plan de solicitud Formulario de consentimiento Informaci\u00f3n sobre transporte y\u2026<\/p>\n<p class=\"read-more\"> <a class=\"\" href=\"https:\/\/fullfaceacademy.com.br\/es\/alergia-toxina-tostada-2\/\"> <span class=\"screen-reader-text\">Material al\u00e9rgeno<\/span> Leer m\u00e1s &quot;<\/a><\/p>","protected":false},"author":3,"featured_media":0,"parent":0,"menu_order":0,"comment_status":"closed","ping_status":"closed","template":"elementor_canvas","meta":{"site-sidebar-layout":"no-sidebar","site-content-layout":"page-builder","ast-site-content-layout":"","site-content-style":"default","site-sidebar-style":"default","ast-global-header-display":"","ast-banner-title-visibility":"","ast-main-header-display":"","ast-hfb-above-header-display":"","ast-hfb-below-header-display":"","ast-hfb-mobile-header-display":"","site-post-title":"disabled","ast-breadcrumbs-content":"","ast-featured-img":"disabled","footer-sml-layout":"","theme-transparent-header-meta":"default","adv-header-id-meta":"","stick-header-meta":"","header-above-stick-meta":"","header-main-stick-meta":"","header-below-stick-meta":"","astra-migrate-meta-layouts":"","footnotes":""},"class_list":["post-357","page","type-page","status-publish","hentry"],"_links":{"self":[{"href":"https:\/\/fullfaceacademy.com.br\/es\/wp-json\/wp\/v2\/pages\/357","targetHints":{"allow":["GET"]}}],"collection":[{"href":"https:\/\/fullfaceacademy.com.br\/es\/wp-json\/wp\/v2\/pages"}],"about":[{"href":"https:\/\/fullfaceacademy.com.br\/es\/wp-json\/wp\/v2\/types\/page"}],"author":[{"embeddable":true,"href":"https:\/\/fullfaceacademy.com.br\/es\/wp-json\/wp\/v2\/users\/3"}],"replies":[{"embeddable":true,"href":"https:\/\/fullfaceacademy.com.br\/es\/wp-json\/wp\/v2\/comments?post=357"}],"version-history":[{"count":87,"href":"https:\/\/fullfaceacademy.com.br\/es\/wp-json\/wp\/v2\/pages\/357\/revisions"}],"predecessor-version":[{"id":675,"href":"https:\/\/fullfaceacademy.com.br\/es\/wp-json\/wp\/v2\/pages\/357\/revisions\/675"}],"wp:attachment":[{"href":"https:\/\/fullfaceacademy.com.br\/es\/wp-json\/wp\/v2\/media?parent=357"}],"curies":[{"name":"wp","href":"https:\/\/api.w.org\/{rel}","templated":true}]}}