{"id":2,"date":"2021-06-05T20:06:11","date_gmt":"2021-06-05T23:06:11","guid":{"rendered":"http:\/\/fullfaceacademy.com.br\/?page_id=2"},"modified":"2021-06-05T20:06:11","modified_gmt":"2021-06-05T23:06:11","slug":"pagina-exemplo","status":"publish","type":"page","link":"https:\/\/fullfaceacademy.com.br\/es\/pagina-de-ejemplo\/","title":{"rendered":"p\u00e1gina de ejemplo"},"content":{"rendered":"<p>Esta es una pagina de ejemplo. Es diferente de una publicaci\u00f3n de blog porque permanecer\u00e1 en un solo lugar y aparecer\u00e1 en la navegaci\u00f3n de su sitio en la mayor\u00eda de los temas. Mucha gente comienza con una p\u00e1gina que les presenta a los visitantes potenciales del sitio web. Ella podr\u00eda decir algo como esto:<\/p>\n\n\n\n<blockquote class=\"wp-block-quote is-layout-flow wp-block-quote-is-layout-flow\"><p>\u00a1Hola! Soy mensajero en bicicleta de d\u00eda, aspirante a actor de noche, y este es mi sitio web. Vivo en S\u00e3o Paulo, tengo un perro grande llamado Rex y me gusta beber caipirinha (y lluvias).<\/p><\/blockquote>\n\n\n\n<p>\u2026o algo como esto:<\/p>\n\n\n\n<blockquote class=\"wp-block-quote is-layout-flow wp-block-quote-is-layout-flow\"><p>XYZ Miniatures Company se fund\u00f3 en 1971 y desde entonces ofrece miniaturas de calidad al p\u00fablico. Ubicada en la ciudad de Itu, XYZ emplea a m\u00e1s de 2000 personas y hace grandes cosas por la comunidad de la ciudad.<\/p><\/blockquote>\n\n\n\n<p>Como nuevo usuario de WordPress, debes ir a <a href=\"http:\/\/fullfaceacademy.com.br\/es\/wp-admin\/\">panel<\/a> para eliminar esa p\u00e1gina y crear nuevas p\u00e1ginas para su contenido. \u00a1Divertirse!<\/p>","protected":false},"excerpt":{"rendered":"<p>Esta es una p\u00e1gina de ejemplo. Se diferencia de una entrada de blog porque permanece en un solo lugar y aparece en la navegaci\u00f3n de tu sitio en la mayor\u00eda de los temas. Mucha gente empieza con una p\u00e1gina que presenta a los visitantes potenciales. Podr\u00eda decir algo como: \u00a1Hola! Soy un mensajero de\u2026<\/p>\n<p class=\"read-more\"> <a class=\"\" href=\"https:\/\/fullfaceacademy.com.br\/es\/pagina-de-ejemplo\/\"> <span class=\"screen-reader-text\">p\u00e1gina de ejemplo<\/span> Leer m\u00e1s &quot;<\/a><\/p>","protected":false},"author":1,"featured_media":0,"parent":0,"menu_order":0,"comment_status":"closed","ping_status":"open","template":"","meta":{"site-sidebar-layout":"default","site-content-layout":"","ast-site-content-layout":"","site-content-style":"default","site-sidebar-style":"default","ast-global-header-display":"","ast-banner-title-visibility":"","ast-main-header-display":"","ast-hfb-above-header-display":"","ast-hfb-below-header-display":"","ast-hfb-mobile-header-display":"","site-post-title":"","ast-breadcrumbs-content":"","ast-featured-img":"","footer-sml-layout":"","theme-transparent-header-meta":"","adv-header-id-meta":"","stick-header-meta":"","header-above-stick-meta":"","header-main-stick-meta":"","header-below-stick-meta":"","astra-migrate-meta-layouts":"","footnotes":""},"class_list":["post-2","page","type-page","status-publish","hentry"],"_links":{"self":[{"href":"https:\/\/fullfaceacademy.com.br\/es\/wp-json\/wp\/v2\/pages\/2","targetHints":{"allow":["GET"]}}],"collection":[{"href":"https:\/\/fullfaceacademy.com.br\/es\/wp-json\/wp\/v2\/pages"}],"about":[{"href":"https:\/\/fullfaceacademy.com.br\/es\/wp-json\/wp\/v2\/types\/page"}],"author":[{"embeddable":true,"href":"https:\/\/fullfaceacademy.com.br\/es\/wp-json\/wp\/v2\/users\/1"}],"replies":[{"embeddable":true,"href":"https:\/\/fullfaceacademy.com.br\/es\/wp-json\/wp\/v2\/comments?post=2"}],"version-history":[{"count":0,"href":"https:\/\/fullfaceacademy.com.br\/es\/wp-json\/wp\/v2\/pages\/2\/revisions"}],"wp:attachment":[{"href":"https:\/\/fullfaceacademy.com.br\/es\/wp-json\/wp\/v2\/media?parent=2"}],"curies":[{"name":"wp","href":"https:\/\/api.w.org\/{rel}","templated":true}]}}