{"id":1012,"date":"2022-03-30T13:07:33","date_gmt":"2022-03-30T16:07:33","guid":{"rendered":"https:\/\/fullfaceacademy.com.br\/?page_id=1012"},"modified":"2022-03-30T13:26:12","modified_gmt":"2022-03-30T16:26:12","slug":"brinde-insta","status":"publish","type":"page","link":"https:\/\/fullfaceacademy.com.br\/en\/toast-insta\/","title":{"rendered":"Allergan Official Material (instagram wordpress)"},"content":{"rendered":"<div data-elementor-type=\"wp-page\" data-elementor-id=\"1012\" class=\"elementor elementor-1012\" data-elementor-settings=\"[]\">\n\t\t\t\t\t\t\t<div class=\"elementor-section-wrap\">\n\t\t\t\t\t\t\t<section class=\"elementor-section elementor-top-section elementor-element elementor-element-aed0d59 elementor-section-boxed elementor-section-height-default elementor-section-height-default\" data-id=\"aed0d59\" data-element_type=\"section\">\n\t\t\t\t\t\t<div class=\"elementor-container elementor-column-gap-default\">\n\t\t\t\t\t<div class=\"elementor-column elementor-col-100 elementor-top-column elementor-element elementor-element-c9eb2fe\" data-id=\"c9eb2fe\" data-element_type=\"column\">\n\t\t\t<div class=\"elementor-widget-wrap\">\n\t\t\t\t\t\t\t\t\t<\/div>\n\t\t<\/div>\n\t\t\t\t\t\t\t<\/div>\n\t\t<\/section>\n\t\t\t\t<section class=\"elementor-section elementor-top-section elementor-element elementor-element-34ae6e7b elementor-section-boxed elementor-section-height-default elementor-section-height-default\" data-id=\"34ae6e7b\" data-element_type=\"section\">\n\t\t\t\t\t\t<div class=\"elementor-container elementor-column-gap-default\">\n\t\t\t\t\t<div class=\"elementor-column elementor-col-100 elementor-top-column elementor-element elementor-element-4b7f8d0e\" data-id=\"4b7f8d0e\" data-element_type=\"column\">\n\t\t\t<div class=\"elementor-widget-wrap elementor-element-populated\">\n\t\t\t\t\t\t\t\t<section class=\"elementor-section elementor-inner-section elementor-element elementor-element-6879c281 elementor-section-boxed elementor-section-height-default elementor-section-height-default\" data-id=\"6879c281\" data-element_type=\"section\">\n\t\t\t\t\t\t<div class=\"elementor-container elementor-column-gap-default\">\n\t\t\t\t\t<div class=\"elementor-column elementor-col-50 elementor-inner-column elementor-element elementor-element-61c42eaf\" data-id=\"61c42eaf\" data-element_type=\"column\">\n\t\t\t<div class=\"elementor-widget-wrap elementor-element-populated\">\n\t\t\t\t\t\t\t\t<div class=\"elementor-element elementor-element-90c3ac7 elementor-invisible elementor-widget elementor-widget-image\" data-id=\"90c3ac7\" data-element_type=\"widget\" data-settings=\"{&quot;_animation&quot;:&quot;zoomIn&quot;}\" data-widget_type=\"image.default\">\n\t\t\t\t<div class=\"elementor-widget-container\">\n\t\t\t\t\t\t\t\t\t\t\t\t\t\t\t<img decoding=\"async\" src=\"https:\/\/fullfaceacademy.com.br\/wp-content\/uploads\/elementor\/thumbs\/logo-fullface-pdqy9vyb63fxkoq1b0ocabelt2fb024oeeiqhi2cd0.png\" title=\"logo fullface\" alt=\"logo fullface\" \/>\t\t\t\t\t\t\t\t\t\t\t\t\t\t\t<\/div>\n\t\t\t\t<\/div>\n\t\t\t\t<div class=\"elementor-element elementor-element-259b76ad elementor-hidden-desktop elementor-hidden-tablet elementor-widget elementor-widget-image\" data-id=\"259b76ad\" data-element_type=\"widget\" data-widget_type=\"image.default\">\n\t\t\t\t<div class=\"elementor-widget-container\">\n\t\t\t\t\t\t\t\t\t\t\t\t\t\t\t<img decoding=\"async\" src=\"https:\/\/fullfaceacademy.com.br\/wp-content\/uploads\/elementor\/thumbs\/Capa-Bonus-01-min-pfkmkwb7e2hrwz2rhpyak0o0z1zfz5t4l8gh0scqbo.png\" title=\"Bonus Cover-01-min\" alt=\"Bonus Cover-01-min\" \/>\t\t\t\t\t\t\t\t\t\t\t\t\t\t\t<\/div>\n\t\t\t\t<\/div>\n\t\t\t\t<div class=\"elementor-element elementor-element-6c1f6d03 elementor-widget elementor-widget-heading\" data-id=\"6c1f6d03\" data-element_type=\"widget\" data-widget_type=\"heading.default\">\n\t\t\t\t<div class=\"elementor-widget-container\">\n\t\t\t<h2 class=\"elementor-heading-title elementor-size-default\">Exclusive material on Botulinum Toxin.<\/h2>\t\t<\/div>\n\t\t\t\t<\/div>\n\t\t\t\t<div class=\"elementor-element elementor-element-346e4200 elementor-hidden-desktop elementor-hidden-tablet elementor-invisible elementor-widget elementor-widget-text-editor\" data-id=\"346e4200\" data-element_type=\"widget\" data-settings=\"{&quot;_animation&quot;:&quot;zoomIn&quot;,&quot;_animation_delay&quot;:150}\" data-widget_type=\"text-editor.default\">\n\t\t\t\t<div class=\"elementor-widget-container\">\n\t\t\t\t\t\t\tFill in your details below and have access to the material:\t\t\t\t\t\t<\/div>\n\t\t\t\t<\/div>\n\t\t\t\t<div class=\"elementor-element elementor-element-539e46df elementor-hidden-mobile elementor-invisible elementor-widget elementor-widget-text-editor\" data-id=\"539e46df\" data-element_type=\"widget\" data-settings=\"{&quot;_animation&quot;:&quot;zoomIn&quot;,&quot;_animation_delay&quot;:150}\" data-widget_type=\"text-editor.default\">\n\t\t\t\t<div class=\"elementor-widget-container\">\n\t\t\t\t\t\t\t<p>Fill in your details below and have access to official material with exclusive information and guidance on the use of Botulinum Toxin.<\/p>\t\t\t\t\t\t<\/div>\n\t\t\t\t<\/div>\n\t\t\t\t<div class=\"elementor-element elementor-element-7abeae1 elementor-widget elementor-widget-html\" data-id=\"7abeae1\" data-element_type=\"widget\" data-widget_type=\"html.default\">\n\t\t\t\t<div class=\"elementor-widget-container\">\n\t\t\t<script type=\"text\/javascript\">\n\/* M\u00e1scaras ER *\/\nfunction mascara(o,f){\n    v_obj=o\n    v_fun=f\n    setTimeout(\"execmascara()\",1)\n}\nfunction execmascara(){\n    v_obj.value=v_fun(v_obj.value)\n}\nfunction mtel(v){\n    \n    v=v.replace(\/\\D\/g,\"\");             \/\/Remove tudo o que n\u00e3o \u00e9 d\u00edgito\n    v=v.replace(\/^(\\d{2})(\\d)\/g,\"($1) $2\"); \/\/Coloca par\u00eanteses em volta dos dois primeiros d\u00edgitos\n    v=v.replace(\/(\\d)(\\d{4})$\/,\"$1-$2\");    \/\/Coloca h\u00edfen entre o quarto e o quinto d\u00edgitos\n    return v;\n}\nfunction id( el ){\n\treturn document.getElementById( el );\n}\nwindow.onload = function(){\n    id('form-field-telefone').setAttribute('maxlength',15);\n\tid('form-field-telefone').onkeypress =\n\tfunction(){\n\t    mascara( this, mtel );\n\t}\n}\n<\/script>\t\t<\/div>\n\t\t\t\t<\/div>\n\t\t\t\t<div class=\"elementor-element elementor-element-6b01240b elementor-button-align-start elementor-mobile-button-align-center elementor-invisible elementor-widget elementor-widget-form\" data-id=\"6b01240b\" data-element_type=\"widget\" data-settings=\"{&quot;_animation&quot;:&quot;zoomIn&quot;,&quot;_animation_delay&quot;:300,&quot;step_next_label&quot;:&quot;Next&quot;,&quot;step_previous_label&quot;:&quot;Previous&quot;,&quot;button_width&quot;:&quot;100&quot;,&quot;step_type&quot;:&quot;number_text&quot;,&quot;step_icon_shape&quot;:&quot;circle&quot;}\" data-widget_type=\"form.default\">\n\t\t\t\t<div class=\"elementor-widget-container\">\n\t\t\t\t\t<form class=\"elementor-form\" method=\"post\" id=\"captacao-leads-live\" name=\"Capta\u00e7\u00e3o de leads\" action=\"\">\n\t\t\t<input type=\"hidden\" name=\"post_id\" value=\"1012\"\/>\n\t\t\t<input type=\"hidden\" name=\"form_id\" value=\"6b01240b\"\/>\n\t\t\t<input type=\"hidden\" name=\"referer_title\" value=\"\" \/>\n\n\t\t\t\n\t\t\t<div class=\"elementor-form-fields-wrapper elementor-labels-above\">\n\t\t\t\t\t\t\t\t<div class=\"elementor-field-type-text elementor-field-group elementor-column elementor-field-group-nome elementor-col-100 elementor-field-required\">\n\t\t\t\t\t<label for=\"form-field-nome\" class=\"elementor-field-label\">Name:<\/label><input size=\"1\" type=\"text\" name=\"form_fields[nome]\" id=\"form-field-nome\" class=\"elementor-field elementor-size-lg  elementor-field-textual\" placeholder=\"Type your name\" required=\"required\" aria-required=\"true\">\t\t\t\t<\/div>\n\t\t\t\t\t\t\t\t<div class=\"elementor-field-type-email elementor-field-group elementor-column elementor-field-group-email elementor-col-100 elementor-field-required\">\n\t\t\t\t\t<label for=\"form-field-email\" class=\"elementor-field-label\">Email:<\/label><input size=\"1\" type=\"email\" name=\"form_fields[email]\" id=\"form-field-email\" class=\"elementor-field elementor-size-lg  elementor-field-textual\" placeholder=\"Enter your best email\" required=\"required\" aria-required=\"true\">\t\t\t\t<\/div>\n\t\t\t\t\t\t\t\t<div class=\"elementor-field-type-text elementor-field-group elementor-column elementor-field-group-field_9af96c2 elementor-col-100 elementor-field-required\">\n\t\t\t\t\t<label for=\"form-field-field_9af96c2\" class=\"elementor-field-label\">Telephone:<\/label><input size=\"1\" type=\"text\" name=\"form_fields[field_9af96c2]\" id=\"form-field-field_9af96c2\" class=\"elementor-field elementor-size-lg  elementor-field-textual\" placeholder=\"DDD + Number\" required=\"required\" aria-required=\"true\">\t\t\t\t<\/div>\n\t\t\t\t\t\t\t\t<div class=\"elementor-field-group elementor-column elementor-field-type-submit elementor-col-100 e-form__buttons\">\n\t\t\t\t\t<button type=\"submit\" class=\"elementor-button elementor-size-md elementor-animation-bounce-in\" id=\"capta-leads\">\n\t\t\t\t\t\t<span >\n\t\t\t\t\t\t\t\t\t\t\t\t\t\t\t<span class=\"elementor-button-icon\">\n\t\t\t\t\t\t\t\t\t\t\t\t\t\t\t\t\t\t\t\t\t\t\t\t\t\t<\/span>\n\t\t\t\t\t\t\t\t\t\t\t\t\t\t\t\t\t\t\t\t\t\t<span class=\"elementor-button-text\">receive material<\/span>\n\t\t\t\t\t\t\t\t\t\t\t\t\t<\/span>\n\t\t\t\t\t<\/button>\n\t\t\t\t<\/div>\n\t\t\t<\/div>\n\t\t<input type=\"hidden\" name=\"trp-form-language\" value=\"en\"\/><\/form>\n\t\t\t\t<\/div>\n\t\t\t\t<\/div>\n\t\t\t\t\t<\/div>\n\t\t<\/div>\n\t\t\t\t<div class=\"elementor-column elementor-col-50 elementor-inner-column elementor-element elementor-element-19caad31\" data-id=\"19caad31\" data-element_type=\"column\">\n\t\t\t<div class=\"elementor-widget-wrap elementor-element-populated\">\n\t\t\t\t\t\t\t\t<div class=\"elementor-element elementor-element-41f14835 elementor-hidden-mobile elementor-invisible elementor-widget elementor-widget-image\" data-id=\"41f14835\" data-element_type=\"widget\" data-settings=\"{&quot;_animation&quot;:&quot;fadeInDown&quot;}\" data-widget_type=\"image.default\">\n\t\t\t\t<div class=\"elementor-widget-container\">\n\t\t\t\t\t\t\t\t\t\t\t\t\t\t\t<img decoding=\"async\" src=\"https:\/\/fullfaceacademy.com.br\/wp-content\/uploads\/elementor\/thumbs\/Capa-Bonus-01-min-pfkmkwb7zzvphohhj51nci67asv5o3fe8e0530bv7c.png\" title=\"Bonus Cover-01-min\" alt=\"Bonus Cover-01-min\" \/>\t\t\t\t\t\t\t\t\t\t\t\t\t\t\t<\/div>\n\t\t\t\t<\/div>\n\t\t\t\t<div class=\"elementor-element elementor-element-42f5cbde elementor-invisible elementor-widget elementor-widget-text-editor\" data-id=\"42f5cbde\" data-element_type=\"widget\" data-settings=\"{&quot;_animation&quot;:&quot;fadeInLeft&quot;,&quot;_animation_delay&quot;:200}\" data-widget_type=\"text-editor.default\">\n\t\t\t\t<div class=\"elementor-widget-container\">\n\t\t\t\t\t\t\tWhat will you receive?\t\t\t\t\t\t<\/div>\n\t\t\t\t<\/div>\n\t\t\t\t<div class=\"elementor-element elementor-element-724af947 elementor-icon-list--layout-traditional elementor-list-item-link-full_width elementor-invisible elementor-widget elementor-widget-icon-list\" data-id=\"724af947\" data-element_type=\"widget\" data-settings=\"{&quot;_animation&quot;:&quot;fadeInRight&quot;,&quot;_animation_delay&quot;:400}\" data-widget_type=\"icon-list.default\">\n\t\t\t\t<div class=\"elementor-widget-container\">\n\t\t\t\t\t<ul class=\"elementor-icon-list-items\">\n\t\t\t\t\t\t\t<li class=\"elementor-icon-list-item\">\n\t\t\t\t\t\t\t\t\t\t\t<span class=\"elementor-icon-list-icon\">\n\t\t\t\t\t\t\t<svg xmlns=\"http:\/\/www.w3.org\/2000\/svg\" xmlns:xlink=\"http:\/\/www.w3.org\/1999\/xlink\" id=\"Camada_1\" x=\"0px\" y=\"0px\" viewbox=\"0 0 100 100\" style=\"enable-background:new 0 0 100 100;\" xml:space=\"preserve\">\n<style type=\"text\/css\">\n\t.st0{fill:#5AAE31;}\n\t.st1{fill:#FFFFFF;}\n<\/style>\n<g>\n\t<circle class=\"st0\" cx=\"50\" cy=\"50\" r=\"41.74\"><\/circle>\n\t<path class=\"st1\" d=\"M72.8,33.46c-2.34-2.34-6.37-2.14-8.96,0.45L43.72,54.04l-6.67-6.67c-2.59-2.59-6.62-2.79-8.96-0.45   c-2.34,2.34-2.14,6.37,0.45,8.96l10.22,10.22c1.34,1.34,3.06,2.03,4.73,2.07c0.06,0,0.12,0,0.18,0c0.09,0,0.19,0,0.28,0   c1.67-0.04,3.39-0.74,4.73-2.07l23.67-23.67C74.93,39.83,75.14,35.8,72.8,33.46z\"><\/path>\n<\/g>\n<\/svg>\t\t\t\t\t\t<\/span>\n\t\t\t\t\t\t\t\t\t\t<span class=\"elementor-icon-list-text\">application plan<\/span>\n\t\t\t\t\t\t\t\t\t<\/li>\n\t\t\t\t\t\t\t\t<li class=\"elementor-icon-list-item\">\n\t\t\t\t\t\t\t\t\t\t\t<span class=\"elementor-icon-list-icon\">\n\t\t\t\t\t\t\t<svg xmlns=\"http:\/\/www.w3.org\/2000\/svg\" xmlns:xlink=\"http:\/\/www.w3.org\/1999\/xlink\" id=\"Camada_1\" x=\"0px\" y=\"0px\" viewbox=\"0 0 100 100\" style=\"enable-background:new 0 0 100 100;\" xml:space=\"preserve\">\n<style type=\"text\/css\">\n\t.st0{fill:#5AAE31;}\n\t.st1{fill:#FFFFFF;}\n<\/style>\n<g>\n\t<circle class=\"st0\" cx=\"50\" cy=\"50\" r=\"41.74\"><\/circle>\n\t<path class=\"st1\" d=\"M72.8,33.46c-2.34-2.34-6.37-2.14-8.96,0.45L43.72,54.04l-6.67-6.67c-2.59-2.59-6.62-2.79-8.96-0.45   c-2.34,2.34-2.14,6.37,0.45,8.96l10.22,10.22c1.34,1.34,3.06,2.03,4.73,2.07c0.06,0,0.12,0,0.18,0c0.09,0,0.19,0,0.28,0   c1.67-0.04,3.39-0.74,4.73-2.07l23.67-23.67C74.93,39.83,75.14,35.8,72.8,33.46z\"><\/path>\n<\/g>\n<\/svg>\t\t\t\t\t\t<\/span>\n\t\t\t\t\t\t\t\t\t\t<span class=\"elementor-icon-list-text\">term of consent<\/span>\n\t\t\t\t\t\t\t\t\t<\/li>\n\t\t\t\t\t\t\t\t<li class=\"elementor-icon-list-item\">\n\t\t\t\t\t\t\t\t\t\t\t<span class=\"elementor-icon-list-icon\">\n\t\t\t\t\t\t\t<svg xmlns=\"http:\/\/www.w3.org\/2000\/svg\" xmlns:xlink=\"http:\/\/www.w3.org\/1999\/xlink\" id=\"Camada_1\" x=\"0px\" y=\"0px\" viewbox=\"0 0 100 100\" style=\"enable-background:new 0 0 100 100;\" xml:space=\"preserve\">\n<style type=\"text\/css\">\n\t.st0{fill:#5AAE31;}\n\t.st1{fill:#FFFFFF;}\n<\/style>\n<g>\n\t<circle class=\"st0\" cx=\"50\" cy=\"50\" r=\"41.74\"><\/circle>\n\t<path class=\"st1\" d=\"M72.8,33.46c-2.34-2.34-6.37-2.14-8.96,0.45L43.72,54.04l-6.67-6.67c-2.59-2.59-6.62-2.79-8.96-0.45   c-2.34,2.34-2.14,6.37,0.45,8.96l10.22,10.22c1.34,1.34,3.06,2.03,4.73,2.07c0.06,0,0.12,0,0.18,0c0.09,0,0.19,0,0.28,0   c1.67-0.04,3.39-0.74,4.73-2.07l23.67-23.67C74.93,39.83,75.14,35.8,72.8,33.46z\"><\/path>\n<\/g>\n<\/svg>\t\t\t\t\t\t<\/span>\n\t\t\t\t\t\t\t\t\t\t<span class=\"elementor-icon-list-text\">Transport and storage information<\/span>\n\t\t\t\t\t\t\t\t\t<\/li>\n\t\t\t\t\t\t\t\t<li class=\"elementor-icon-list-item\">\n\t\t\t\t\t\t\t\t\t\t\t<span class=\"elementor-icon-list-icon\">\n\t\t\t\t\t\t\t<svg xmlns=\"http:\/\/www.w3.org\/2000\/svg\" xmlns:xlink=\"http:\/\/www.w3.org\/1999\/xlink\" id=\"Camada_1\" x=\"0px\" y=\"0px\" viewbox=\"0 0 100 100\" style=\"enable-background:new 0 0 100 100;\" xml:space=\"preserve\">\n<style type=\"text\/css\">\n\t.st0{fill:#5AAE31;}\n\t.st1{fill:#FFFFFF;}\n<\/style>\n<g>\n\t<circle class=\"st0\" cx=\"50\" cy=\"50\" r=\"41.74\"><\/circle>\n\t<path class=\"st1\" d=\"M72.8,33.46c-2.34-2.34-6.37-2.14-8.96,0.45L43.72,54.04l-6.67-6.67c-2.59-2.59-6.62-2.79-8.96-0.45   c-2.34,2.34-2.14,6.37,0.45,8.96l10.22,10.22c1.34,1.34,3.06,2.03,4.73,2.07c0.06,0,0.12,0,0.18,0c0.09,0,0.19,0,0.28,0   c1.67-0.04,3.39-0.74,4.73-2.07l23.67-23.67C74.93,39.83,75.14,35.8,72.8,33.46z\"><\/path>\n<\/g>\n<\/svg>\t\t\t\t\t\t<\/span>\n\t\t\t\t\t\t\t\t\t\t<span class=\"elementor-icon-list-text\">Recommendations and information<\/span>\n\t\t\t\t\t\t\t\t\t<\/li>\n\t\t\t\t\t\t<\/ul>\n\t\t\t\t<\/div>\n\t\t\t\t<\/div>\n\t\t\t\t<div class=\"elementor-element elementor-element-cf97a84 elementor-invisible elementor-widget elementor-widget-text-editor\" data-id=\"cf97a84\" data-element_type=\"widget\" data-settings=\"{&quot;_animation&quot;:&quot;fadeIn&quot;,&quot;_animation_delay&quot;:500}\" data-widget_type=\"text-editor.default\">\n\t\t\t\t<div class=\"elementor-widget-container\">\n\t\t\t\t\t\t\t<p>All information will be provided through official and exclusive material about Botulinum Toxin<\/p>\t\t\t\t\t\t<\/div>\n\t\t\t\t<\/div>\n\t\t\t\t\t<\/div>\n\t\t<\/div>\n\t\t\t\t\t\t\t<\/div>\n\t\t<\/section>\n\t\t\t\t<div class=\"elementor-element elementor-element-35e19832 elementor-invisible elementor-widget elementor-widget-text-editor\" data-id=\"35e19832\" data-element_type=\"widget\" data-settings=\"{&quot;_animation&quot;:&quot;zoomIn&quot;,&quot;_animation_delay&quot;:450}\" data-widget_type=\"text-editor.default\">\n\t\t\t\t<div class=\"elementor-widget-container\">\n\t\t\t\t\t\t\tCopyright \u00a9 FullFace Academy | 2021\t\t\t\t\t\t<\/div>\n\t\t\t\t<\/div>\n\t\t\t\t<div class=\"elementor-element elementor-element-524db1ac elementor-shape-rounded elementor-grid-0 e-grid-align-center elementor-invisible elementor-widget elementor-widget-social-icons\" data-id=\"524db1ac\" data-element_type=\"widget\" data-settings=\"{&quot;_animation&quot;:&quot;zoomIn&quot;,&quot;_animation_delay&quot;:600}\" data-widget_type=\"social-icons.default\">\n\t\t\t\t<div class=\"elementor-widget-container\">\n\t\t\t\t\t<div class=\"elementor-social-icons-wrapper elementor-grid\">\n\t\t\t\t\t\t\t<span class=\"elementor-grid-item\">\n\t\t\t\t\t<a class=\"elementor-icon elementor-social-icon elementor-social-icon-instagram elementor-repeater-item-36e2866\" href=\"https:\/\/www.instagram.com\/fullface.academy\/\" target=\"_blank\" rel=\"noopener\">\n\t\t\t\t\t\t<span class=\"elementor-screen-only\">Instagram<\/span>\n\t\t\t\t\t\t<i class=\"fab fa-instagram\"><\/i>\t\t\t\t\t<\/a>\n\t\t\t\t<\/span>\n\t\t\t\t\t<\/div>\n\t\t\t\t<\/div>\n\t\t\t\t<\/div>\n\t\t\t\t\t<\/div>\n\t\t<\/div>\n\t\t\t\t\t\t\t<\/div>\n\t\t<\/section>\n\t\t\t\t\t\t<\/div>\n\t\t\t\t\t<\/div>","protected":false},"excerpt":{"rendered":"<p>Exclusive material about Botulinum Toxin. Fill in your details below and have access to the material: Fill in your details below and have access to official material with exclusive information and guidelines about the use of Botulinum Toxin. What will you receive? Application plan Consent form Information about transportation and storage Recommendations and information \u2026<\/p>\n<p class=\"read-more\"> <a class=\"\" href=\"https:\/\/fullfaceacademy.com.br\/en\/toast-insta\/\"> <span class=\"screen-reader-text\">Allergan Official Material (instagram wordpress)<\/span> Read More \u00bb<\/a><\/p>","protected":false},"author":1,"featured_media":0,"parent":0,"menu_order":0,"comment_status":"closed","ping_status":"closed","template":"elementor_canvas","meta":{"site-sidebar-layout":"no-sidebar","site-content-layout":"page-builder","ast-site-content-layout":"","site-content-style":"default","site-sidebar-style":"default","ast-global-header-display":"","ast-banner-title-visibility":"","ast-main-header-display":"","ast-hfb-above-header-display":"","ast-hfb-below-header-display":"","ast-hfb-mobile-header-display":"","site-post-title":"disabled","ast-breadcrumbs-content":"","ast-featured-img":"disabled","footer-sml-layout":"","theme-transparent-header-meta":"default","adv-header-id-meta":"","stick-header-meta":"","header-above-stick-meta":"","header-main-stick-meta":"","header-below-stick-meta":"","astra-migrate-meta-layouts":"","footnotes":""},"class_list":["post-1012","page","type-page","status-publish","hentry"],"_links":{"self":[{"href":"https:\/\/fullfaceacademy.com.br\/en\/wp-json\/wp\/v2\/pages\/1012","targetHints":{"allow":["GET"]}}],"collection":[{"href":"https:\/\/fullfaceacademy.com.br\/en\/wp-json\/wp\/v2\/pages"}],"about":[{"href":"https:\/\/fullfaceacademy.com.br\/en\/wp-json\/wp\/v2\/types\/page"}],"author":[{"embeddable":true,"href":"https:\/\/fullfaceacademy.com.br\/en\/wp-json\/wp\/v2\/users\/1"}],"replies":[{"embeddable":true,"href":"https:\/\/fullfaceacademy.com.br\/en\/wp-json\/wp\/v2\/comments?post=1012"}],"version-history":[{"count":10,"href":"https:\/\/fullfaceacademy.com.br\/en\/wp-json\/wp\/v2\/pages\/1012\/revisions"}],"predecessor-version":[{"id":1026,"href":"https:\/\/fullfaceacademy.com.br\/en\/wp-json\/wp\/v2\/pages\/1012\/revisions\/1026"}],"wp:attachment":[{"href":"https:\/\/fullfaceacademy.com.br\/en\/wp-json\/wp\/v2\/media?parent=1012"}],"curies":[{"name":"wp","href":"https:\/\/api.w.org\/{rel}","templated":true}]}}